{"id":2906,"date":"2020-09-18T12:23:03","date_gmt":"2020-09-18T19:23:03","guid":{"rendered":"https:\/\/synergie-in.com\/contact\/"},"modified":"2021-01-13T12:11:06","modified_gmt":"2021-01-13T19:11:06","slug":"contact","status":"publish","type":"page","link":"https:\/\/synergie-in.com\/fr\/contact\/","title":{"rendered":"Contact"},"content":{"rendered":"<div class=\"wpb-content-wrapper\"><p>[vc_row full_width=\u00a0\u00bbstretch_row_content_no_spaces\u00a0\u00bb css=\u00a0\u00bb.vc_custom_1597811230973{margin-bottom: 3em !important;}\u00a0\u00bb][vc_column]\n\t\t\t<!-- START Banner contact REVOLUTION SLIDER 6.7.22 --><p class=\"rs-p-wp-fix\"><\/p>\n\t\t\t<rs-module-wrap id=\"rev_slider_7_1_wrapper\" data-source=\"gallery\" style=\"visibility:hidden;background:transparent;padding:0;margin:0px auto;margin-top:0;margin-bottom:0;\">\n\t\t\t\t<rs-module id=\"rev_slider_7_1\" style=\"\" data-version=\"6.7.22\">\n\t\t\t\t\t<rs-slides style=\"overflow: hidden; position: absolute;\">\n\t\t\t\t\t\t<rs-slide style=\"position: absolute;\" data-key=\"rs-23\" data-title=\"Services &amp; Results\" data-anim=\"ms:600;r:0;\" data-in=\"o:0;\" data-out=\"a:false;\">\n\t\t\t\t\t\t\t<img decoding=\"async\" src=\"\/\/synergie-in.com\/wp-content\/plugins\/revslider\/sr6\/assets\/assets\/dummy.png\" alt=\"\" title=\"banner05\" width=\"2000\" height=\"800\" class=\"rev-slidebg tp-rs-img rs-lazyload\" data-lazyload=\"\/\/synergie-in.com\/wp-content\/uploads\/2020\/08\/banner05-1.jpg\" data-no-retina>\n<!--\n\t\t\t\t\t\t\t--><rs-layer\n\t\t\t\t\t\t\t\tid=\"slider-7-slide-23-layer-7\" \n\t\t\t\t\t\t\t\tdata-type=\"text\"\n\t\t\t\t\t\t\t\tdata-color=\"#6ca342||#6ca342||#93c248||#93c248\"\n\t\t\t\t\t\t\t\tdata-rsp_ch=\"on\"\n\t\t\t\t\t\t\t\tdata-xy=\"xo:49px,49px,30px,30px;y:m;yo:-114px,-114px,-90px,-90px;\"\n\t\t\t\t\t\t\t\tdata-text=\"s:80,80,60,60;l:90,90,70,70;ls:-3px;fw:700;a:left,left,inherit,inherit;\"\n\t\t\t\t\t\t\t\tdata-basealign=\"slide\"\n\t\t\t\t\t\t\t\tdata-frame_0=\"x:50px;\"\n\t\t\t\t\t\t\t\tdata-frame_1=\"sp:1200;sR:10;\"\n\t\t\t\t\t\t\t\tdata-frame_999=\"o:0;st:w;sp:200;sR:7790;\"\n\t\t\t\t\t\t\t\tstyle=\"z-index:9;font-family:'Open Sans Condensed';\"\n\t\t\t\t\t\t\t>CONTACTEZ \n\t\t\t\t\t\t\t<\/rs-layer><!--\n\n\t\t\t\t\t\t\t--><rs-layer\n\t\t\t\t\t\t\t\tid=\"slider-7-slide-23-layer-8\" \n\t\t\t\t\t\t\t\tdata-type=\"text\"\n\t\t\t\t\t\t\t\tdata-color=\"#262d37\"\n\t\t\t\t\t\t\t\tdata-rsp_ch=\"on\"\n\t\t\t\t\t\t\t\tdata-xy=\"xo:94px,94px,28px,28px;y:m;yo:-30px,-30px,-23px,-27px;\"\n\t\t\t\t\t\t\t\tdata-text=\"s:80,80,60,60;l:90,90,70,70;ls:-3px;fw:700;a:left,left,inherit,inherit;\"\n\t\t\t\t\t\t\t\tdata-basealign=\"slide\"\n\t\t\t\t\t\t\t\tdata-frame_0=\"x:50px;\"\n\t\t\t\t\t\t\t\tdata-frame_1=\"sp:1200;sR:10;\"\n\t\t\t\t\t\t\t\tdata-frame_999=\"o:0;st:w;sp:200;sR:7790;\"\n\t\t\t\t\t\t\t\tstyle=\"z-index:10;font-family:'Open Sans Condensed';\"\n\t\t\t\t\t\t\t>NOUS \n\t\t\t\t\t\t\t<\/rs-layer><!--\n-->\t\t\t\t\t<\/rs-slide>\n\t\t\t\t\t<\/rs-slides>\n\t\t\t\t<\/rs-module>\n\t\t\t\t<script>\n\t\t\t\t\tsetREVStartSize({c: 'rev_slider_7_1',rl:[1240,1024,778,480],el:[600,600,500,500],gw:[1680,1300,700,600],gh:[600,600,500,500],type:'standard',justify:'',layout:'fullwidth',mh:\"0\"});if (window.RS_MODULES!==undefined && window.RS_MODULES.modules!==undefined && window.RS_MODULES.modules[\"revslider71\"]!==undefined) {window.RS_MODULES.modules[\"revslider71\"].once = false;window.revapi7 = undefined;if (window.RS_MODULES.checkMinimal!==undefined) window.RS_MODULES.checkMinimal()}\n\t\t\t\t<\/script>\n\t\t\t<\/rs-module-wrap>\n\t\t\t<!-- END REVOLUTION SLIDER -->\n[\/vc_column][\/vc_row][vc_row equal_height=\u00a0\u00bbyes\u00a0\u00bb content_placement=\u00a0\u00bbtop\u00a0\u00bb css=\u00a0\u00bb.vc_custom_1597165205953{margin-bottom: -60px !important;}\u00a0\u00bb][vc_column width=\u00a0\u00bb1\/2&Prime;]<div id=\"ultimate-heading-551069fb4c8479983\" class=\"uvc-heading ult-adjust-bottom-margin ultimate-heading-551069fb4c8479983 uvc-8178 hidden uvc-heading-default-font-sizes\" data-hspacer=\"no_spacer\"  data-halign=\"center\" style=\"text-align:center\"><div class=\"uvc-heading-spacer no_spacer\" style=\"top\"><\/div><div class=\"uvc-main-heading ult-responsive\"  data-ultimate-target='.uvc-heading.ultimate-heading-551069fb4c8479983 h1'  data-responsive-json-new='{\"font-size\":\"\",\"line-height\":\"\"}' ><h1 style=\"--font-weight:theme;\">Contact<\/h1><\/div><\/div>[vc_column_text css=\u00a0\u00bb.vc_custom_1598026032691{margin-bottom: 1em !important;}\u00a0\u00bb]<\/p>\n<h2 style=\"text-align: center;\">Synergie Industries Inc.<\/h2>\n<p>[\/vc_column_text]<div id=\"ultimate-heading-295469fb4c84799f8\" class=\"uvc-heading ult-adjust-bottom-margin ultimate-heading-295469fb4c84799f8 uvc-2239 accent-title-color color-title\" data-hspacer=\"no_spacer\"  data-halign=\"center\" style=\"text-align:center\"><div class=\"uvc-heading-spacer no_spacer\" style=\"top\"><\/div><div class=\"uvc-main-heading ult-responsive\"  data-ultimate-target='.uvc-heading.ultimate-heading-295469fb4c84799f8 h2'  data-responsive-json-new='{\"font-size\":\"desktop:16px;\",\"line-height\":\"desktop:28px;\"}' ><h2 style=\"--font-weight:theme;\">T\u00e9l\u00e9phone<\/h2><\/div><div class=\"uvc-sub-heading ult-responsive\"  data-ultimate-target='.uvc-heading.ultimate-heading-295469fb4c84799f8 .uvc-sub-heading '  data-responsive-json-new='{\"font-size\":\"desktop:30px;\",\"line-height\":\"desktop:40px;\"}'  style=\"font-weight:bold;margin-bottom:18px;\"><a href=\"tel:+18673339612\">+1(867) 333-9612<\/a><\/div><\/div><div id=\"ultimate-heading-581069fb4c8479a50\" class=\"uvc-heading ult-adjust-bottom-margin ultimate-heading-581069fb4c8479a50 uvc-3397 accent-title-color color-title\" data-hspacer=\"no_spacer\"  data-halign=\"center\" style=\"text-align:center\"><div class=\"uvc-heading-spacer no_spacer\" style=\"top\"><\/div><div class=\"uvc-main-heading ult-responsive\"  data-ultimate-target='.uvc-heading.ultimate-heading-581069fb4c8479a50 h2'  data-responsive-json-new='{\"font-size\":\"desktop:16px;\",\"line-height\":\"desktop:28px;\"}' ><h2 style=\"--font-weight:theme;\">Courriel<\/h2><\/div><div class=\"uvc-sub-heading ult-responsive\"  data-ultimate-target='.uvc-heading.ultimate-heading-581069fb4c8479a50 .uvc-sub-heading '  data-responsive-json-new='{\"font-size\":\"desktop:18px;\",\"line-height\":\"desktop:28px;\"}'  style=\"font-weight:bold;margin-bottom:20px;\"><a href=\"mailto:contact@synergie-in.com\">contact@synergie-in.com<\/a><\/div><\/div><div id=\"ultimate-heading-715769fb4c8479aa2\" class=\"uvc-heading ult-adjust-bottom-margin ultimate-heading-715769fb4c8479aa2 uvc-2412 accent-title-color color-title\" data-hspacer=\"no_spacer\"  data-halign=\"center\" style=\"text-align:center\"><div class=\"uvc-heading-spacer no_spacer\" style=\"top\"><\/div><div class=\"uvc-main-heading ult-responsive\"  data-ultimate-target='.uvc-heading.ultimate-heading-715769fb4c8479aa2 h2'  data-responsive-json-new='{\"font-size\":\"desktop:16px;\",\"line-height\":\"desktop:28px;\"}' ><h2 style=\"--font-weight:theme;\">Adresse<\/h2><\/div><div class=\"uvc-sub-heading ult-responsive\"  data-ultimate-target='.uvc-heading.ultimate-heading-715769fb4c8479aa2 .uvc-sub-heading '  data-responsive-json-new='{\"font-size\":\"desktop:18px;\",\"line-height\":\"desktop:28px;\"}'  style=\"font-weight:bold;margin-bottom:20px;\">106-35 River Ridge Lane<br \/>\nWhitehorse (Yukon)<br \/>\nY1A6J9 Canada<\/p>\n<p>et<\/p>\n<div>1177 rue des Lacs<\/div>\n<div>Saint-J\u00e9r\u00f4me, (Qu\u00e9bec)<\/div>\n<div>J5L 1T1 Canada<\/div>\n<p><\/div><\/div><div id=\"ultimate-heading-560069fb4c8479aef\" class=\"uvc-heading ult-adjust-bottom-margin ultimate-heading-560069fb4c8479aef uvc-3364 accent-title-color color-title\" data-hspacer=\"no_spacer\"  data-halign=\"center\" style=\"text-align:center\"><div class=\"uvc-heading-spacer no_spacer\" style=\"top\"><\/div><div class=\"uvc-main-heading ult-responsive\"  data-ultimate-target='.uvc-heading.ultimate-heading-560069fb4c8479aef h2'  data-responsive-json-new='{\"font-size\":\"desktop:16px;\",\"line-height\":\"desktop:28px;\"}' ><h2 style=\"--font-weight:theme;margin-bottom:10px;\">M\u00e9dias sociaux<\/h2><\/div><\/div><style type=\"text\/css\" data-type=\"the7_shortcodes-inline-css\">.dt-shortcode-soc-icons.soc-icons-3d2c8c957fe2ad9e6afcda27b358516e a {\n  margin-right: 10px;\n}\n.dt-shortcode-soc-icons a.soc-icons-3d2c8c957fe2ad9e6afcda27b358516e {\n  margin-right: 10px;\n}\n.dt-shortcode-soc-icons a.soc-icons-3d2c8c957fe2ad9e6afcda27b358516e:last-child {\n  margin-right: 0;\n}\n.dt-shortcode-soc-icons a.soc-icons-3d2c8c957fe2ad9e6afcda27b358516e:before,\n.dt-shortcode-soc-icons a.soc-icons-3d2c8c957fe2ad9e6afcda27b358516e:after {\n  padding: inherit;\n}\n.dt-shortcode-soc-icons a.soc-icons-3d2c8c957fe2ad9e6afcda27b358516e.dt-icon-border-on:before {\n  border:  solid ;\n}\n.dt-shortcode-soc-icons a.soc-icons-3d2c8c957fe2ad9e6afcda27b358516e.dt-icon-hover-border-on:after {\n  border:  solid ;\n}\n<\/style><div class=\"dt-shortcode-soc-icons  soc-icons-3d2c8c957fe2ad9e6afcda27b358516e soc-icons-center  vc_custom_1560850719006\" ><style type=\"text\/css\" data-type=\"the7_shortcodes-inline-css\">.dt-shortcode-soc-icons a.single-soc-icon-92d739cc9be1c347132e8cf8cadf3219 {\n  min-width: 50px;\n  min-height: 50px;\n  font-size: 24px;\n  border-radius: 100px;\n}\n.dt-shortcode-soc-icons a.single-soc-icon-92d739cc9be1c347132e8cf8cadf3219:last-child {\n  margin-right: 0;\n}\n.dt-shortcode-soc-icons a.single-soc-icon-92d739cc9be1c347132e8cf8cadf3219:before,\n.dt-shortcode-soc-icons a.single-soc-icon-92d739cc9be1c347132e8cf8cadf3219:after {\n  min-width: 50px;\n  min-height: 50px;\n  padding: inherit;\n}\n.dt-shortcode-soc-icons a.single-soc-icon-92d739cc9be1c347132e8cf8cadf3219.dt-icon-border-on:before {\n  border: 0px solid ;\n}\n.dt-shortcode-soc-icons a.single-soc-icon-92d739cc9be1c347132e8cf8cadf3219.dt-icon-hover-border-on:after {\n  border: 0px solid ;\n}\n.dt-shortcode-soc-icons a.single-soc-icon-92d739cc9be1c347132e8cf8cadf3219:hover {\n  font-size: 24px;\n}\n#page .dt-shortcode-soc-icons a.single-soc-icon-92d739cc9be1c347132e8cf8cadf3219:hover .soc-font-icon,\n#phantom .dt-shortcode-soc-icons a.single-soc-icon-92d739cc9be1c347132e8cf8cadf3219:hover .soc-font-icon,\n#page .dt-shortcode-soc-icons a.single-soc-icon-92d739cc9be1c347132e8cf8cadf3219:hover .soc-icon,\n#phantom .dt-shortcode-soc-icons a.single-soc-icon-92d739cc9be1c347132e8cf8cadf3219:hover .soc-icon {\n  color: rgba(255,255,255,0.75);\n  background: none;\n}\n#page .dt-shortcode-soc-icons a.single-soc-icon-92d739cc9be1c347132e8cf8cadf3219:not(:hover) .soc-font-icon,\n#phantom .dt-shortcode-soc-icons a.single-soc-icon-92d739cc9be1c347132e8cf8cadf3219:not(:hover) .soc-font-icon,\n#page .dt-shortcode-soc-icons a.single-soc-icon-92d739cc9be1c347132e8cf8cadf3219:not(:hover) .soc-icon,\n#phantom .dt-shortcode-soc-icons a.single-soc-icon-92d739cc9be1c347132e8cf8cadf3219:not(:hover) .soc-icon {\n  color: #ffffff;\n  background: none;\n}\n.dt-shortcode-soc-icons a.single-soc-icon-92d739cc9be1c347132e8cf8cadf3219 .soc-font-icon,\n.dt-shortcode-soc-icons a.single-soc-icon-92d739cc9be1c347132e8cf8cadf3219 .soc-icon {\n  font-size: 24px;\n}\n<\/style><a title=\"LinkedIn\" href=\"https:\/\/www.linkedin.com\/in\/olivier-pellegrin-a44a348\/?locale=fr_FR\" target=\"_blank\" class=\"linkedin single-soc-icon-92d739cc9be1c347132e8cf8cadf3219 dt-icon-bg-on dt-icon-border-on dt-icon-hover-border-on dt-icon-hover-bg-on\"><i class=\"soc-icon soc-font-icon dt-icon-linkedin\"><\/i><span class=\"screen-reader-text\">LinkedIn<\/span><\/a><\/div>[\/vc_column][vc_column width=\u00a0\u00bb1\/2&Prime; css=\u00a0\u00bb.vc_custom_1560851109721{margin-bottom: 60px !important;padding-top: 10px !important;}\u00a0\u00bb]\n<div class=\"wpcf7 no-js\" id=\"wpcf7-f3061-o1\" lang=\"fr-FR\" dir=\"ltr\" data-wpcf7-id=\"3061\">\n<div class=\"screen-reader-response\"><p role=\"status\" aria-live=\"polite\" aria-atomic=\"true\"><\/p> <ul><\/ul><\/div>\n<form action=\"\/fr\/wp-json\/wp\/v2\/pages\/2906#wpcf7-f3061-o1\" method=\"post\" class=\"wpcf7-form init\" aria-label=\"Formulaire de contact\" novalidate=\"novalidate\" data-status=\"init\">\n<div style=\"display: none;\">\n<input type=\"hidden\" name=\"_wpcf7\" value=\"3061\" \/>\n<input type=\"hidden\" name=\"_wpcf7_version\" value=\"6.0\" \/>\n<input type=\"hidden\" name=\"_wpcf7_locale\" value=\"fr_FR\" \/>\n<input type=\"hidden\" name=\"_wpcf7_unit_tag\" value=\"wpcf7-f3061-o1\" \/>\n<input type=\"hidden\" name=\"_wpcf7_container_post\" value=\"0\" \/>\n<input type=\"hidden\" name=\"_wpcf7_posted_data_hash\" value=\"\" \/>\n<input type=\"hidden\" name=\"_wpcf7_recaptcha_response\" value=\"\" \/>\n<\/div>\n<p><label> Votre Nom (obligatoire)<br \/>\n<span class=\"wpcf7-form-control-wrap\" data-name=\"your-name\"><input size=\"40\" maxlength=\"400\" class=\"wpcf7-form-control wpcf7-text wpcf7-validates-as-required\" aria-required=\"true\" aria-invalid=\"false\" value=\"\" type=\"text\" name=\"your-name\" \/><\/span> <\/label>\n<\/p>\n<p><label> Votre Courriel (obligatoire)<br \/>\n<span class=\"wpcf7-form-control-wrap\" data-name=\"your-email\"><input size=\"40\" maxlength=\"400\" class=\"wpcf7-form-control wpcf7-email wpcf7-validates-as-required wpcf7-text wpcf7-validates-as-email\" aria-required=\"true\" aria-invalid=\"false\" value=\"\" type=\"email\" name=\"your-email\" \/><\/span> <\/label>\n<\/p>\n<p><label> Sujet<br \/>\n<span class=\"wpcf7-form-control-wrap\" data-name=\"your-subject\"><input size=\"40\" maxlength=\"400\" class=\"wpcf7-form-control wpcf7-text\" aria-invalid=\"false\" value=\"\" type=\"text\" name=\"your-subject\" \/><\/span> <\/label>\n<\/p>\n<p><label> Votre Message<br \/>\n<span class=\"wpcf7-form-control-wrap\" data-name=\"your-message\"><textarea cols=\"40\" rows=\"10\" maxlength=\"2000\" class=\"wpcf7-form-control wpcf7-textarea\" aria-invalid=\"false\" name=\"your-message\"><\/textarea><\/span> <\/label>\n<\/p>\n\n<p><input class=\"wpcf7-form-control wpcf7-submit has-spinner\" type=\"submit\" value=\"Envoyer\" \/>\n<\/p><input type=\"hidden\" id=\"ct_checkjs_cf7_9461cce28ebe3e76fb4b931c35a169b0\" name=\"ct_checkjs_cf7\" value=\"0\" \/><script >setTimeout(function(){var ct_input_name = \"ct_checkjs_cf7_9461cce28ebe3e76fb4b931c35a169b0\";if (document.getElementById(ct_input_name) !== null) {var ct_input_value = document.getElementById(ct_input_name).value;document.getElementById(ct_input_name).value = document.getElementById(ct_input_name).value.replace(ct_input_value, '15315820598a552c4af898099213d98634db075ea5614e5de69c0028ceaaab5f');}}, 1000);<\/script><label class=\"apbct_special_field\" id=\"apbct_label_id25304\" for=\"apbct__email_id__wp_contact_form_7_25304\">25304<\/label><input \n        id=\"apbct__email_id__wp_contact_form_7_25304\" \n        class=\"apbct_special_field apbct__email_id__wp_contact_form_7\"\n        autocomplete=\"off\" \n        name=\"apbct__email_id__wp_contact_form_7_25304\"  \n        type=\"text\" \n        value=\"25304\" \n        size=\"30\" \n        apbct_event_id=\"25304\"\n        maxlength=\"200\" \n    \/><input \n        id=\"apbct_event_id_wp_contact_form_7_25304\"\n        class=\"apbct_special_field\"\n        name=\"apbct_event_id\"\n        type=\"hidden\" \n        value=\"25304\" \n            \/><div class=\"wpcf7-response-output\" aria-hidden=\"true\"><\/div>\n<\/form>\n<\/div>\n[\/vc_column][\/vc_row]<\/p>\n<\/div>","protected":false},"excerpt":{"rendered":"<p>[vc_row full_width=\u00a0\u00bbstretch_row_content_no_spaces\u00a0\u00bb css=\u00a0\u00bb.vc_custom_1597811230973{margin-bottom: 3em !important;}\u00a0\u00bb][vc_column][\/vc_column][\/vc_row][vc_row equal_height=\u00a0\u00bbyes\u00a0\u00bb content_placement=\u00a0\u00bbtop\u00a0\u00bb css=\u00a0\u00bb.vc_custom_1597165205953{margin-bottom: -60px !important;}\u00a0\u00bb][vc_column width=\u00a0\u00bb1\/2&Prime;][vc_column_text css=\u00a0\u00bb.vc_custom_1598026032691{margin-bottom: 1em !important;}\u00a0\u00bb] Synergie Industries Inc. [\/vc_column_text][\/vc_column][vc_column width=\u00a0\u00bb1\/2&Prime; css=\u00a0\u00bb.vc_custom_1560851109721{margin-bottom: 60px !important;padding-top: 10px !important;}\u00a0\u00bb][\/vc_column][\/vc_row]<\/p>\n","protected":false},"author":1,"featured_media":0,"parent":0,"menu_order":70,"comment_status":"closed","ping_status":"closed","template":"","meta":{"footnotes":""},"class_list":["post-2906","page","type-page","status-publish","hentry","description-off"],"yoast_head":"<!-- This site is optimized with the Yoast SEO plugin v23.9 - https:\/\/yoast.com\/wordpress\/plugins\/seo\/ -->\n<title>Contact &#8211; Synergie Industries<\/title>\n<meta name=\"robots\" content=\"index, follow, max-snippet:-1, max-image-preview:large, max-video-preview:-1\" \/>\n<link rel=\"canonical\" href=\"https:\/\/synergie-in.com\/fr\/contact\/\" \/>\n<meta property=\"og:locale\" content=\"fr_FR\" \/>\n<meta property=\"og:type\" content=\"article\" \/>\n<meta property=\"og:title\" content=\"Contact &#8211; Synergie Industries\" \/>\n<meta property=\"og:description\" content=\"[vc_row full_width=\u00a0\u00bbstretch_row_content_no_spaces\u00a0\u00bb css=\u00a0\u00bb.vc_custom_1597811230973{margin-bottom: 3em !important;}\u00a0\u00bb][vc_column][\/vc_column][\/vc_row][vc_row equal_height=\u00a0\u00bbyes\u00a0\u00bb content_placement=\u00a0\u00bbtop\u00a0\u00bb css=\u00a0\u00bb.vc_custom_1597165205953{margin-bottom: -60px !important;}\u00a0\u00bb][vc_column width=\u00a0\u00bb1\/2&Prime;][vc_column_text css=\u00a0\u00bb.vc_custom_1598026032691{margin-bottom: 1em !important;}\u00a0\u00bb] Synergie Industries Inc. [\/vc_column_text][\/vc_column][vc_column width=\u00a0\u00bb1\/2&Prime; css=\u00a0\u00bb.vc_custom_1560851109721{margin-bottom: 60px !important;padding-top: 10px !important;}\u00a0\u00bb][\/vc_column][\/vc_row]\" \/>\n<meta property=\"og:url\" content=\"https:\/\/synergie-in.com\/fr\/contact\/\" \/>\n<meta property=\"og:site_name\" content=\"Synergie Industries\" \/>\n<meta property=\"article:modified_time\" content=\"2021-01-13T19:11:06+00:00\" \/>\n<meta name=\"twitter:card\" content=\"summary_large_image\" \/>\n<meta name=\"twitter:label1\" content=\"Dur\u00e9e de lecture estim\u00e9e\" \/>\n\t<meta name=\"twitter:data1\" content=\"2 minutes\" \/>\n<script type=\"application\/ld+json\" class=\"yoast-schema-graph\">{\"@context\":\"https:\/\/schema.org\",\"@graph\":[{\"@type\":\"WebPage\",\"@id\":\"https:\/\/synergie-in.com\/fr\/contact\/\",\"url\":\"https:\/\/synergie-in.com\/fr\/contact\/\",\"name\":\"Contact &#8211; Synergie Industries\",\"isPartOf\":{\"@id\":\"https:\/\/synergie-in.com\/fr\/#website\"},\"datePublished\":\"2020-09-18T19:23:03+00:00\",\"dateModified\":\"2021-01-13T19:11:06+00:00\",\"breadcrumb\":{\"@id\":\"https:\/\/synergie-in.com\/fr\/contact\/#breadcrumb\"},\"inLanguage\":\"fr-FR\",\"potentialAction\":[{\"@type\":\"ReadAction\",\"target\":[\"https:\/\/synergie-in.com\/fr\/contact\/\"]}]},{\"@type\":\"BreadcrumbList\",\"@id\":\"https:\/\/synergie-in.com\/fr\/contact\/#breadcrumb\",\"itemListElement\":[{\"@type\":\"ListItem\",\"position\":1,\"name\":\"Home\",\"item\":\"https:\/\/synergie-in.com\/fr\/\"},{\"@type\":\"ListItem\",\"position\":2,\"name\":\"Contact\"}]},{\"@type\":\"WebSite\",\"@id\":\"https:\/\/synergie-in.com\/fr\/#website\",\"url\":\"https:\/\/synergie-in.com\/fr\/\",\"name\":\"Synergie Industries\",\"description\":\"Business Development\",\"publisher\":{\"@id\":\"https:\/\/synergie-in.com\/fr\/#organization\"},\"potentialAction\":[{\"@type\":\"SearchAction\",\"target\":{\"@type\":\"EntryPoint\",\"urlTemplate\":\"https:\/\/synergie-in.com\/fr\/?s={search_term_string}\"},\"query-input\":{\"@type\":\"PropertyValueSpecification\",\"valueRequired\":true,\"valueName\":\"search_term_string\"}}],\"inLanguage\":\"fr-FR\"},{\"@type\":\"Organization\",\"@id\":\"https:\/\/synergie-in.com\/fr\/#organization\",\"name\":\"Synergie Industries Inc.\",\"url\":\"https:\/\/synergie-in.com\/fr\/\",\"logo\":{\"@type\":\"ImageObject\",\"inLanguage\":\"fr-FR\",\"@id\":\"https:\/\/synergie-in.com\/fr\/#\/schema\/logo\/image\/\",\"url\":\"https:\/\/synergie-in.com\/wp-content\/uploads\/2020\/08\/Logo-Synergie.png\",\"contentUrl\":\"https:\/\/synergie-in.com\/wp-content\/uploads\/2020\/08\/Logo-Synergie.png\",\"width\":800,\"height\":286,\"caption\":\"Synergie Industries Inc.\"},\"image\":{\"@id\":\"https:\/\/synergie-in.com\/fr\/#\/schema\/logo\/image\/\"}}]}<\/script>\n<!-- \/ Yoast SEO plugin. -->","yoast_head_json":{"title":"Contact &#8211; Synergie Industries","robots":{"index":"index","follow":"follow","max-snippet":"max-snippet:-1","max-image-preview":"max-image-preview:large","max-video-preview":"max-video-preview:-1"},"canonical":"https:\/\/synergie-in.com\/fr\/contact\/","og_locale":"fr_FR","og_type":"article","og_title":"Contact &#8211; Synergie Industries","og_description":"[vc_row full_width=\u00a0\u00bbstretch_row_content_no_spaces\u00a0\u00bb css=\u00a0\u00bb.vc_custom_1597811230973{margin-bottom: 3em !important;}\u00a0\u00bb][vc_column][\/vc_column][\/vc_row][vc_row equal_height=\u00a0\u00bbyes\u00a0\u00bb content_placement=\u00a0\u00bbtop\u00a0\u00bb css=\u00a0\u00bb.vc_custom_1597165205953{margin-bottom: -60px !important;}\u00a0\u00bb][vc_column width=\u00a0\u00bb1\/2&Prime;][vc_column_text css=\u00a0\u00bb.vc_custom_1598026032691{margin-bottom: 1em !important;}\u00a0\u00bb] Synergie Industries Inc. [\/vc_column_text][\/vc_column][vc_column width=\u00a0\u00bb1\/2&Prime; css=\u00a0\u00bb.vc_custom_1560851109721{margin-bottom: 60px !important;padding-top: 10px !important;}\u00a0\u00bb][\/vc_column][\/vc_row]","og_url":"https:\/\/synergie-in.com\/fr\/contact\/","og_site_name":"Synergie Industries","article_modified_time":"2021-01-13T19:11:06+00:00","twitter_card":"summary_large_image","twitter_misc":{"Dur\u00e9e de lecture estim\u00e9e":"2 minutes"},"schema":{"@context":"https:\/\/schema.org","@graph":[{"@type":"WebPage","@id":"https:\/\/synergie-in.com\/fr\/contact\/","url":"https:\/\/synergie-in.com\/fr\/contact\/","name":"Contact &#8211; Synergie Industries","isPartOf":{"@id":"https:\/\/synergie-in.com\/fr\/#website"},"datePublished":"2020-09-18T19:23:03+00:00","dateModified":"2021-01-13T19:11:06+00:00","breadcrumb":{"@id":"https:\/\/synergie-in.com\/fr\/contact\/#breadcrumb"},"inLanguage":"fr-FR","potentialAction":[{"@type":"ReadAction","target":["https:\/\/synergie-in.com\/fr\/contact\/"]}]},{"@type":"BreadcrumbList","@id":"https:\/\/synergie-in.com\/fr\/contact\/#breadcrumb","itemListElement":[{"@type":"ListItem","position":1,"name":"Home","item":"https:\/\/synergie-in.com\/fr\/"},{"@type":"ListItem","position":2,"name":"Contact"}]},{"@type":"WebSite","@id":"https:\/\/synergie-in.com\/fr\/#website","url":"https:\/\/synergie-in.com\/fr\/","name":"Synergie Industries","description":"Business Development","publisher":{"@id":"https:\/\/synergie-in.com\/fr\/#organization"},"potentialAction":[{"@type":"SearchAction","target":{"@type":"EntryPoint","urlTemplate":"https:\/\/synergie-in.com\/fr\/?s={search_term_string}"},"query-input":{"@type":"PropertyValueSpecification","valueRequired":true,"valueName":"search_term_string"}}],"inLanguage":"fr-FR"},{"@type":"Organization","@id":"https:\/\/synergie-in.com\/fr\/#organization","name":"Synergie Industries Inc.","url":"https:\/\/synergie-in.com\/fr\/","logo":{"@type":"ImageObject","inLanguage":"fr-FR","@id":"https:\/\/synergie-in.com\/fr\/#\/schema\/logo\/image\/","url":"https:\/\/synergie-in.com\/wp-content\/uploads\/2020\/08\/Logo-Synergie.png","contentUrl":"https:\/\/synergie-in.com\/wp-content\/uploads\/2020\/08\/Logo-Synergie.png","width":800,"height":286,"caption":"Synergie Industries Inc."},"image":{"@id":"https:\/\/synergie-in.com\/fr\/#\/schema\/logo\/image\/"}}]}},"_links":{"self":[{"href":"https:\/\/synergie-in.com\/fr\/wp-json\/wp\/v2\/pages\/2906","targetHints":{"allow":["GET"]}}],"collection":[{"href":"https:\/\/synergie-in.com\/fr\/wp-json\/wp\/v2\/pages"}],"about":[{"href":"https:\/\/synergie-in.com\/fr\/wp-json\/wp\/v2\/types\/page"}],"author":[{"embeddable":true,"href":"https:\/\/synergie-in.com\/fr\/wp-json\/wp\/v2\/users\/1"}],"replies":[{"embeddable":true,"href":"https:\/\/synergie-in.com\/fr\/wp-json\/wp\/v2\/comments?post=2906"}],"version-history":[{"count":5,"href":"https:\/\/synergie-in.com\/fr\/wp-json\/wp\/v2\/pages\/2906\/revisions"}],"predecessor-version":[{"id":3421,"href":"https:\/\/synergie-in.com\/fr\/wp-json\/wp\/v2\/pages\/2906\/revisions\/3421"}],"wp:attachment":[{"href":"https:\/\/synergie-in.com\/fr\/wp-json\/wp\/v2\/media?parent=2906"}],"curies":[{"name":"wp","href":"https:\/\/api.w.org\/{rel}","templated":true}]}}